{"id":6,"date":"2024-12-03T15:42:53","date_gmt":"2024-12-03T14:42:53","guid":{"rendered":"http:\/\/nimotor.fr\/?page_id=6"},"modified":"2026-02-17T11:17:07","modified_gmt":"2026-02-17T10:17:07","slug":"creez-votre-site-avec-des-blocs","status":"publish","type":"page","link":"https:\/\/nimotor.fr\/?page_id=6","title":{"rendered":"Infos pratiques"},"content":{"rendered":"<div data-colibri-id=\"6-c1\" class=\"style-425 style-local-6-c1 position-relative\">\n  <!---->\n  <div data-colibri-component=\"section\" data-colibri-id=\"6-c2\" id=\"features\" class=\"h-section h-section-global-spacing d-flex align-items-lg-center align-items-md-center align-items-center style-430 style-local-6-c2 position-relative\">\n    <!---->\n    <!---->\n    <div class=\"h-section-grid-container h-section-boxed-container\">\n      <div data-colibri-id=\"6-c22\" class=\"h-row-container gutters-row-lg-2 gutters-row-md-2 gutters-row-0 gutters-row-v-lg-2 gutters-row-v-md-2 gutters-row-v-2 style-440 style-local-6-c22 position-relative\">\n        <!---->\n        <div class=\"h-row justify-content-lg-center justify-content-md-center justify-content-center align-items-lg-stretch align-items-md-stretch align-items-stretch gutters-col-lg-2 gutters-col-md-2 gutters-col-0 gutters-col-v-lg-2 gutters-col-v-md-2 gutters-col-v-2\">\n          <!---->\n          <div class=\"h-column h-column-container d-flex h-col-lg-auto h-col-md-auto h-col-auto style-441-outer style-local-6-c23-outer\">\n            <div data-colibri-id=\"6-c23\" class=\"d-flex h-flex-basis h-column__inner h-px-lg-2 h-px-md-2 h-px-2 v-inner-lg-2 v-inner-md-2 v-inner-2 style-441 style-local-6-c23 position-relative\">\n              <!---->\n              <!---->\n              <div class=\"w-100 h-y-container h-column__content h-column__v-align flex-basis-100 align-self-lg-start align-self-md-start align-self-start\">\n                <!---->\n                <div data-colibri-id=\"6-c24\" class=\"h-global-transition-all h-heading style-442 style-local-6-c24 position-relative h-element\">\n                  <!---->\n                  <div class=\"h-heading__outer style-442 style-local-6-c24\">\n                    <!---->\n                    <!---->\n                    <h2 class=\"\">VENIR AU SALON NIMOTOR<\/h2>\n                  <\/div>\n                <\/div>\n                <div data-colibri-id=\"6-c25\" class=\"h-lead h-text h-text-component style-443 style-local-6-c25 position-relative h-element\">\n                  <!---->\n                  <!---->\n                  <div class=\"\">\n                    <p>Un acc\u00e8s pratique par les transports en commun, de plus un parking gratuit sur place.\n                      <br>Que demandez de plus ? <\/p>\n                  <\/div>\n                <\/div>\n              <\/div>\n            <\/div>\n          <\/div>\n        <\/div>\n      <\/div>\n      <div data-colibri-id=\"6-c3\" class=\"h-row-container gutters-row-lg-2 gutters-row-md-2 gutters-row-2 gutters-row-v-lg-2 gutters-row-v-md-2 gutters-row-v-2 style-431 style-local-6-c3 position-relative\">\n        <!---->\n        <div class=\"h-row justify-content-lg-center justify-content-md-center justify-content-center align-items-lg-stretch align-items-md-stretch align-items-stretch gutters-col-lg-2 gutters-col-md-2 gutters-col-2 gutters-col-v-lg-2 gutters-col-v-md-2 gutters-col-v-2\">\n          <!---->\n          <div class=\"h-column h-column-container d-flex h-col-lg-4 h-col-md-6 h-col-12 style-432-outer style-local-6-c4-outer\">\n            <div data-colibri-id=\"6-c4\" class=\"d-flex h-flex-basis h-column__inner h-px-lg-0 h-px-md-0 h-px-0 v-inner-lg-0 v-inner-md-0 v-inner-0 style-432 style-local-6-c4 position-relative\">\n              <!---->\n              <!---->\n              <div class=\"w-100 h-y-container h-column__content h-column__v-align flex-basis-100 align-self-lg-start align-self-md-start align-self-start\">\n                <!---->\n                <div data-colibri-id=\"6-c5\" class=\"d-block style-433 style-local-6-c5 position-relative h-element\">\n                  <!---->\n                  <div class=\"h-image__frame-container-outer\">\n                    <div class=\"h-image__frame-container\">\n                      <!---->\n                      <!---->\n                      <img fetchpriority=\"high\" decoding=\"async\" width=\"2560\" height=\"1708\" src=\"https:\/\/nimotor.fr\/wp-content\/uploads\/2024\/12\/cyrilcortez_salon_automotoretro-183-scaled.jpg\" class=\"wp-image-374 style-433-image style-local-6-c5-image\" alt=\"\" srcset=\"https:\/\/nimotor.fr\/wp-content\/uploads\/2024\/12\/cyrilcortez_salon_automotoretro-183-scaled.jpg 2560w, https:\/\/nimotor.fr\/wp-content\/uploads\/2024\/12\/cyrilcortez_salon_automotoretro-183-300x200.jpg 300w, https:\/\/nimotor.fr\/wp-content\/uploads\/2024\/12\/cyrilcortez_salon_automotoretro-183-1024x683.jpg 1024w, https:\/\/nimotor.fr\/wp-content\/uploads\/2024\/12\/cyrilcortez_salon_automotoretro-183-768x512.jpg 768w, https:\/\/nimotor.fr\/wp-content\/uploads\/2024\/12\/cyrilcortez_salon_automotoretro-183-1536x1025.jpg 1536w\" sizes=\"(max-width: 2560px) 100vw, 2560px\" \/>\n                      <div class=\"h-image__frame h-hide-lg h-hide-md h-hide-sm style-433-frameImage style-local-6-c5-frameImage\"><\/div>\n                    <\/div>\n                  <\/div>\n                <\/div>\n                <div data-colibri-id=\"6-c6\" class=\"h-row-container gutters-row-lg-0 gutters-row-md-0 gutters-row-2 gutters-row-v-lg-0 gutters-row-v-md-0 gutters-row-v-2 style-434 style-local-6-c6 position-relative\">\n                  <!---->\n                  <div class=\"h-row justify-content-lg-center justify-content-md-center justify-content-center align-items-lg-stretch align-items-md-stretch align-items-stretch gutters-col-lg-0 gutters-col-md-0 gutters-col-2 gutters-col-v-lg-0 gutters-col-v-md-0 gutters-col-v-2\">\n                    <!---->\n                    <div class=\"h-column h-column-container d-flex h-col-lg-auto h-col-md-auto h-col-auto style-435-outer style-local-6-c7-outer\">\n                      <div data-colibri-id=\"6-c7\" class=\"d-flex h-flex-basis h-column__inner h-px-lg-2 h-px-md-3 h-px-2 v-inner-lg-2 v-inner-md-3 v-inner-2 style-435 style-local-6-c7 position-relative\">\n                        <!---->\n                        <!---->\n                        <div class=\"w-100 h-y-container h-column__content h-column__v-align flex-basis-100 align-self-lg-start align-self-md-start align-self-start\">\n                          <!---->\n                          <div data-colibri-id=\"6-c8\" class=\"h-global-transition-all h-heading style-436 style-local-6-c8 position-relative h-element\">\n                            <!---->\n                            <div class=\"h-heading__outer style-436 style-local-6-c8\">\n                              <!---->\n                              <!---->\n                              <h4 class=\"\">PARKINGS EXTERIEURS GRATUITS<\/h4>\n                            <\/div>\n                          <\/div>\n                          <div data-colibri-id=\"6-c9\" class=\"h-text h-text-component style-437 style-local-6-c9 position-relative h-element\">\n                            <!---->\n                            <!---->\n                            <div class=\"\">\n                              <p><span style=\"font-weight: 400; font-size: 16px; font-family: Roboto; color: rgb(122, 122, 122);\">Vous pouvez vous garer gratuitement tout autour du Parc des Expositions de N\u00eemes, parkings de la ville, et venir \u00e0 pieds pour assister \u00e0 N\u00eemotor, le salon autour moto r\u00e9tro.&nbsp;<\/span>\n                                <br>\n                                <br>Pour la plan\u00e8te, pensez au covoiturage.&nbsp;\n                                <br>\n                                <br>\n                              <\/p>\n                              <p>\n                                <br>\n                              <\/p>\n                              <p>\n                                <br>\n                              <\/p>\n                              <p>\n                                <br>\n                              <\/p>\n                            <\/div>\n                          <\/div>\n                        <\/div>\n                      <\/div>\n                    <\/div>\n                  <\/div>\n                <\/div>\n              <\/div>\n            <\/div>\n          <\/div>\n          <div class=\"h-column h-column-container d-flex h-col-lg-4 h-col-md-6 h-col-12 style-432-outer style-local-6-c10-outer\">\n            <div data-colibri-id=\"6-c10\" class=\"d-flex h-flex-basis h-column__inner h-px-lg-0 h-px-md-0 h-px-0 v-inner-lg-0 v-inner-md-0 v-inner-0 style-432 style-local-6-c10 position-relative\">\n              <!---->\n              <!---->\n              <div class=\"w-100 h-y-container h-column__content h-column__v-align flex-basis-100 align-self-lg-start align-self-md-start align-self-start\">\n                <!---->\n                <div data-colibri-id=\"6-c11\" class=\"d-block style-433 style-local-6-c11 position-relative h-element\">\n                  <!---->\n                  <div class=\"h-image__frame-container-outer\">\n                    <div class=\"h-image__frame-container\">\n                      <!---->\n                      <!---->\n                      <img decoding=\"async\" data-src=\"https:\/\/nimotor.fr\/wp-content\/uploads\/2024\/12\/cyrilcortez_salon_automotoretro-163.jpg\" class=\"wp-image-353 style-433-image style-local-6-c11-image lazyload\" alt=\"\" src=\"data:image\/svg+xml;base64,PHN2ZyB3aWR0aD0iMSIgaGVpZ2h0PSIxIiB4bWxucz0iaHR0cDovL3d3dy53My5vcmcvMjAwMC9zdmciPjwvc3ZnPg==\" style=\"--smush-placeholder-width: 7952px; --smush-placeholder-aspect-ratio: 7952\/5304;\" \/>\n                      <div class=\"h-image__frame h-hide-lg h-hide-md h-hide-sm style-433-frameImage style-local-6-c11-frameImage\"><\/div>\n                    <\/div>\n                  <\/div>\n                <\/div>\n                <div data-colibri-id=\"6-c12\" class=\"h-row-container gutters-row-lg-0 gutters-row-md-0 gutters-row-2 gutters-row-v-lg-0 gutters-row-v-md-0 gutters-row-v-2 style-434 style-local-6-c12 position-relative\">\n                  <!---->\n                  <div class=\"h-row justify-content-lg-center justify-content-md-center justify-content-center align-items-lg-stretch align-items-md-stretch align-items-stretch gutters-col-lg-0 gutters-col-md-0 gutters-col-2 gutters-col-v-lg-0 gutters-col-v-md-0 gutters-col-v-2\">\n                    <!---->\n                    <div class=\"h-column h-column-container d-flex h-col-lg-auto h-col-md-auto h-col-auto style-435-outer style-local-6-c13-outer\">\n                      <div data-colibri-id=\"6-c13\" class=\"d-flex h-flex-basis h-column__inner h-px-lg-2 h-px-md-3 h-px-2 v-inner-lg-2 v-inner-md-3 v-inner-2 style-435 style-local-6-c13 position-relative\">\n                        <!---->\n                        <!---->\n                        <div class=\"w-100 h-y-container h-column__content h-column__v-align flex-basis-100 align-self-lg-start align-self-md-start align-self-start\">\n                          <!---->\n                          <div data-colibri-id=\"6-c14\" class=\"h-global-transition-all h-heading style-436 style-local-6-c14 position-relative h-element\">\n                            <!---->\n                            <div class=\"h-heading__outer style-436 style-local-6-c14\">\n                              <!---->\n                              <!---->\n                              <h4 class=\"\">PARKING INTERIEUR \u2013 PARC EXPO.<\/h4>\n                            <\/div>\n                          <\/div>\n                          <div data-colibri-id=\"6-c15\" class=\"h-text h-text-component style-445 style-local-6-c15 position-relative h-element\">\n                            <!---->\n                            <!---->\n                            <div class=\"\">\n                              <p>Le parking int\u00e9rieur (entr\u00e9e c\u00f4t\u00e9 autoroute) est&nbsp;<strong>gratuit<\/strong>&nbsp;r\u00e9serv\u00e9 aux&nbsp;<strong>v\u00e9hicules d\u2019au moins 25 ans<\/strong>&nbsp;(jusqu&#8217;au 31 d\u00e9cembre 1999, sur justificatif et dans la limite des places\n                                disponibles). L\u2019entr\u00e9e au pilote est&nbsp;<strong>offerte<\/strong>. Une billetterie est disponible \u00e0 cette entr\u00e9e pour les autres passagers.<\/p>\n                              <p>\n                                <br>\n                              <\/p>\n                            <\/div>\n                          <\/div>\n                        <\/div>\n                      <\/div>\n                    <\/div>\n                  <\/div>\n                <\/div>\n              <\/div>\n            <\/div>\n          <\/div>\n          <div class=\"h-column h-column-container d-flex h-col-lg-4 h-col-md-6 h-col-12 style-432-outer style-local-6-c16-outer\">\n            <div data-colibri-id=\"6-c16\" class=\"d-flex h-flex-basis h-column__inner h-px-lg-0 h-px-md-0 h-px-0 v-inner-lg-0 v-inner-md-0 v-inner-0 style-432 style-local-6-c16 position-relative\">\n              <!---->\n              <!---->\n              <div class=\"w-100 h-y-container h-column__content h-column__v-align flex-basis-100 align-self-lg-start align-self-md-start align-self-start\">\n                <!---->\n                <div data-colibri-id=\"6-c17\" class=\"d-block style-433 style-local-6-c17 position-relative h-element\">\n                  <!---->\n                  <div class=\"h-image__frame-container-outer\">\n                    <div class=\"h-image__frame-container\">\n                      <!---->\n                      <!---->\n                      <img decoding=\"async\" data-src=\"https:\/\/nimotor.fr\/wp-content\/uploads\/2024\/12\/cyrilcortez_salon_automotoretro-73.jpg\" class=\"wp-image-252 style-433-image style-local-6-c17-image lazyload\" alt=\"\" src=\"data:image\/svg+xml;base64,PHN2ZyB3aWR0aD0iMSIgaGVpZ2h0PSIxIiB4bWxucz0iaHR0cDovL3d3dy53My5vcmcvMjAwMC9zdmciPjwvc3ZnPg==\" style=\"--smush-placeholder-width: 7952px; --smush-placeholder-aspect-ratio: 7952\/5304;\" \/>\n                      <div class=\"h-image__frame h-hide-lg h-hide-md h-hide-sm style-433-frameImage style-local-6-c17-frameImage\"><\/div>\n                    <\/div>\n                  <\/div>\n                <\/div>\n                <div data-colibri-id=\"6-c18\" class=\"h-row-container gutters-row-lg-0 gutters-row-md-0 gutters-row-2 gutters-row-v-lg-0 gutters-row-v-md-0 gutters-row-v-2 style-434 style-local-6-c18 position-relative\">\n                  <!---->\n                  <div class=\"h-row justify-content-lg-center justify-content-md-center justify-content-center align-items-lg-stretch align-items-md-stretch align-items-stretch gutters-col-lg-0 gutters-col-md-0 gutters-col-2 gutters-col-v-lg-0 gutters-col-v-md-0 gutters-col-v-2\">\n                    <!---->\n                    <div class=\"h-column h-column-container d-flex h-col-lg-auto h-col-md-auto h-col-auto style-435-outer style-local-6-c19-outer\">\n                      <div data-colibri-id=\"6-c19\" class=\"d-flex h-flex-basis h-column__inner h-px-lg-2 h-px-md-3 h-px-2 v-inner-lg-2 v-inner-md-3 v-inner-2 style-435 style-local-6-c19 position-relative\">\n                        <!---->\n                        <!---->\n                        <div class=\"w-100 h-y-container h-column__content h-column__v-align flex-basis-100 align-self-lg-start align-self-md-start align-self-start\">\n                          <!---->\n                          <div data-colibri-id=\"6-c20\" class=\"h-global-transition-all h-heading style-436 style-local-6-c20 position-relative h-element\">\n                            <!---->\n                            <div class=\"h-heading__outer style-436 style-local-6-c20\">\n                              <!---->\n                              <!---->\n                              <h4 class=\"\">VESTIAIRE DE NIMOTOR<\/h4>\n                            <\/div>\n                          <\/div>\n                          <div data-colibri-id=\"6-c21\" class=\"h-text h-text-component style-444 style-local-6-c21 position-relative h-element\">\n                            <!---->\n                            <!---->\n                            <div class=\"\">\n                              <p>Vestiaire payant \u00e0 l&#8217;entr\u00e9e principale du salon. Samedi et dimanche de 09h \u00e0 18h.<\/p>\n                            <\/div>\n                          <\/div>\n                        <\/div>\n                      <\/div>\n                    <\/div>\n                  <\/div>\n                <\/div>\n              <\/div>\n            <\/div>\n          <\/div>\n        <\/div>\n      <\/div>\n    <\/div>\n  <\/div>\n<\/div>","protected":false},"excerpt":{"rendered":"<p>VENIR AU SALON NIMOTOR Un acc\u00e8s pratique par les transports en commun, de [&hellip;]<\/p>\n","protected":false},"author":1,"featured_media":312,"parent":0,"menu_order":2,"comment_status":"closed","ping_status":"closed","template":"page-templates\/full-width-page.php","meta":{"_monsterinsights_skip_tracking":false,"_monsterinsights_sitenote_active":false,"_monsterinsights_sitenote_note":"","_monsterinsights_sitenote_category":0,"footnotes":""},"class_list":["post-6","page","type-page","status-publish","has-post-thumbnail","hentry"],"yoast_head":"<!-- This site is optimized with the Yoast SEO plugin v27.5 - https:\/\/yoast.com\/product\/yoast-seo-wordpress\/ -->\n<title>Infos pratiques - Nimotor<\/title>\n<meta name=\"robots\" content=\"index, follow, max-snippet:-1, max-image-preview:large, max-video-preview:-1\" \/>\n<link rel=\"canonical\" href=\"https:\/\/nimotor.fr\/?page_id=6\" \/>\n<meta property=\"og:locale\" content=\"fr_FR\" \/>\n<meta property=\"og:type\" content=\"article\" \/>\n<meta property=\"og:title\" content=\"Infos pratiques - Nimotor\" \/>\n<meta property=\"og:description\" content=\"VENIR AU SALON NIMOTOR Un acc\u00e8s pratique par les transports en commun, de [&hellip;]\" \/>\n<meta property=\"og:url\" content=\"https:\/\/nimotor.fr\/?page_id=6\" \/>\n<meta property=\"og:site_name\" content=\"Nimotor\" \/>\n<meta property=\"article:modified_time\" content=\"2026-02-17T10:17:07+00:00\" \/>\n<meta property=\"og:image\" content=\"https:\/\/nimotor.fr\/wp-content\/uploads\/2024\/12\/cyrilcortez_salon_automotoretro-128.jpg\" \/>\n\t<meta property=\"og:image:width\" content=\"1\" \/>\n\t<meta property=\"og:image:height\" content=\"1\" \/>\n\t<meta property=\"og:image:type\" content=\"image\/jpeg\" \/>\n<meta name=\"twitter:card\" content=\"summary_large_image\" \/>\n<meta name=\"twitter:label1\" content=\"Dur\u00e9e de lecture estim\u00e9e\" \/>\n\t<meta name=\"twitter:data1\" content=\"2 minutes\" \/>\n<script type=\"application\/ld+json\" class=\"yoast-schema-graph\">{\"@context\":\"https:\\\/\\\/schema.org\",\"@graph\":[{\"@type\":\"WebPage\",\"@id\":\"https:\\\/\\\/nimotor.fr\\\/?page_id=6\",\"url\":\"https:\\\/\\\/nimotor.fr\\\/?page_id=6\",\"name\":\"Infos pratiques - Nimotor\",\"isPartOf\":{\"@id\":\"https:\\\/\\\/nimotor.fr\\\/#website\"},\"primaryImageOfPage\":{\"@id\":\"https:\\\/\\\/nimotor.fr\\\/?page_id=6#primaryimage\"},\"image\":{\"@id\":\"https:\\\/\\\/nimotor.fr\\\/?page_id=6#primaryimage\"},\"thumbnailUrl\":\"https:\\\/\\\/nimotor.fr\\\/wp-content\\\/uploads\\\/2024\\\/12\\\/cyrilcortez_salon_automotoretro-128.jpg\",\"datePublished\":\"2024-12-03T14:42:53+00:00\",\"dateModified\":\"2026-02-17T10:17:07+00:00\",\"breadcrumb\":{\"@id\":\"https:\\\/\\\/nimotor.fr\\\/?page_id=6#breadcrumb\"},\"inLanguage\":\"fr-FR\",\"potentialAction\":[{\"@type\":\"ReadAction\",\"target\":[\"https:\\\/\\\/nimotor.fr\\\/?page_id=6\"]}]},{\"@type\":\"ImageObject\",\"inLanguage\":\"fr-FR\",\"@id\":\"https:\\\/\\\/nimotor.fr\\\/?page_id=6#primaryimage\",\"url\":\"https:\\\/\\\/nimotor.fr\\\/wp-content\\\/uploads\\\/2024\\\/12\\\/cyrilcortez_salon_automotoretro-128.jpg\",\"contentUrl\":\"https:\\\/\\\/nimotor.fr\\\/wp-content\\\/uploads\\\/2024\\\/12\\\/cyrilcortez_salon_automotoretro-128.jpg\"},{\"@type\":\"BreadcrumbList\",\"@id\":\"https:\\\/\\\/nimotor.fr\\\/?page_id=6#breadcrumb\",\"itemListElement\":[{\"@type\":\"ListItem\",\"position\":1,\"name\":\"Accueil\",\"item\":\"https:\\\/\\\/nimotor.fr\\\/\"},{\"@type\":\"ListItem\",\"position\":2,\"name\":\"Infos pratiques\"}]},{\"@type\":\"WebSite\",\"@id\":\"https:\\\/\\\/nimotor.fr\\\/#website\",\"url\":\"https:\\\/\\\/nimotor.fr\\\/\",\"name\":\"Nimotor\",\"description\":\"Auto Moto R\u00e9tro N\u00eemes\",\"publisher\":{\"@id\":\"https:\\\/\\\/nimotor.fr\\\/#organization\"},\"potentialAction\":[{\"@type\":\"SearchAction\",\"target\":{\"@type\":\"EntryPoint\",\"urlTemplate\":\"https:\\\/\\\/nimotor.fr\\\/?s={search_term_string}\"},\"query-input\":{\"@type\":\"PropertyValueSpecification\",\"valueRequired\":true,\"valueName\":\"search_term_string\"}}],\"inLanguage\":\"fr-FR\"},{\"@type\":\"Organization\",\"@id\":\"https:\\\/\\\/nimotor.fr\\\/#organization\",\"name\":\"Nimotor\",\"url\":\"https:\\\/\\\/nimotor.fr\\\/\",\"logo\":{\"@type\":\"ImageObject\",\"inLanguage\":\"fr-FR\",\"@id\":\"https:\\\/\\\/nimotor.fr\\\/#\\\/schema\\\/logo\\\/image\\\/\",\"url\":\"https:\\\/\\\/nimotor.fr\\\/wp-content\\\/uploads\\\/2024\\\/12\\\/cropped-Blanc-e1733239096673.png\",\"contentUrl\":\"https:\\\/\\\/nimotor.fr\\\/wp-content\\\/uploads\\\/2024\\\/12\\\/cropped-Blanc-e1733239096673.png\",\"width\":1034,\"height\":284,\"caption\":\"Nimotor\"},\"image\":{\"@id\":\"https:\\\/\\\/nimotor.fr\\\/#\\\/schema\\\/logo\\\/image\\\/\"}}]}<\/script>\n<!-- \/ Yoast SEO plugin. -->","yoast_head_json":{"title":"Infos pratiques - Nimotor","robots":{"index":"index","follow":"follow","max-snippet":"max-snippet:-1","max-image-preview":"max-image-preview:large","max-video-preview":"max-video-preview:-1"},"canonical":"https:\/\/nimotor.fr\/?page_id=6","og_locale":"fr_FR","og_type":"article","og_title":"Infos pratiques - Nimotor","og_description":"VENIR AU SALON NIMOTOR Un acc\u00e8s pratique par les transports en commun, de [&hellip;]","og_url":"https:\/\/nimotor.fr\/?page_id=6","og_site_name":"Nimotor","article_modified_time":"2026-02-17T10:17:07+00:00","og_image":[{"url":"https:\/\/nimotor.fr\/wp-content\/uploads\/2024\/12\/cyrilcortez_salon_automotoretro-128.jpg","width":1,"height":1,"type":"image\/jpeg"}],"twitter_card":"summary_large_image","twitter_misc":{"Dur\u00e9e de lecture estim\u00e9e":"2 minutes"},"schema":{"@context":"https:\/\/schema.org","@graph":[{"@type":"WebPage","@id":"https:\/\/nimotor.fr\/?page_id=6","url":"https:\/\/nimotor.fr\/?page_id=6","name":"Infos pratiques - Nimotor","isPartOf":{"@id":"https:\/\/nimotor.fr\/#website"},"primaryImageOfPage":{"@id":"https:\/\/nimotor.fr\/?page_id=6#primaryimage"},"image":{"@id":"https:\/\/nimotor.fr\/?page_id=6#primaryimage"},"thumbnailUrl":"https:\/\/nimotor.fr\/wp-content\/uploads\/2024\/12\/cyrilcortez_salon_automotoretro-128.jpg","datePublished":"2024-12-03T14:42:53+00:00","dateModified":"2026-02-17T10:17:07+00:00","breadcrumb":{"@id":"https:\/\/nimotor.fr\/?page_id=6#breadcrumb"},"inLanguage":"fr-FR","potentialAction":[{"@type":"ReadAction","target":["https:\/\/nimotor.fr\/?page_id=6"]}]},{"@type":"ImageObject","inLanguage":"fr-FR","@id":"https:\/\/nimotor.fr\/?page_id=6#primaryimage","url":"https:\/\/nimotor.fr\/wp-content\/uploads\/2024\/12\/cyrilcortez_salon_automotoretro-128.jpg","contentUrl":"https:\/\/nimotor.fr\/wp-content\/uploads\/2024\/12\/cyrilcortez_salon_automotoretro-128.jpg"},{"@type":"BreadcrumbList","@id":"https:\/\/nimotor.fr\/?page_id=6#breadcrumb","itemListElement":[{"@type":"ListItem","position":1,"name":"Accueil","item":"https:\/\/nimotor.fr\/"},{"@type":"ListItem","position":2,"name":"Infos pratiques"}]},{"@type":"WebSite","@id":"https:\/\/nimotor.fr\/#website","url":"https:\/\/nimotor.fr\/","name":"Nimotor","description":"Auto Moto R\u00e9tro N\u00eemes","publisher":{"@id":"https:\/\/nimotor.fr\/#organization"},"potentialAction":[{"@type":"SearchAction","target":{"@type":"EntryPoint","urlTemplate":"https:\/\/nimotor.fr\/?s={search_term_string}"},"query-input":{"@type":"PropertyValueSpecification","valueRequired":true,"valueName":"search_term_string"}}],"inLanguage":"fr-FR"},{"@type":"Organization","@id":"https:\/\/nimotor.fr\/#organization","name":"Nimotor","url":"https:\/\/nimotor.fr\/","logo":{"@type":"ImageObject","inLanguage":"fr-FR","@id":"https:\/\/nimotor.fr\/#\/schema\/logo\/image\/","url":"https:\/\/nimotor.fr\/wp-content\/uploads\/2024\/12\/cropped-Blanc-e1733239096673.png","contentUrl":"https:\/\/nimotor.fr\/wp-content\/uploads\/2024\/12\/cropped-Blanc-e1733239096673.png","width":1034,"height":284,"caption":"Nimotor"},"image":{"@id":"https:\/\/nimotor.fr\/#\/schema\/logo\/image\/"}}]}},"_links":{"self":[{"href":"https:\/\/nimotor.fr\/index.php?rest_route=\/wp\/v2\/pages\/6","targetHints":{"allow":["GET"]}}],"collection":[{"href":"https:\/\/nimotor.fr\/index.php?rest_route=\/wp\/v2\/pages"}],"about":[{"href":"https:\/\/nimotor.fr\/index.php?rest_route=\/wp\/v2\/types\/page"}],"author":[{"embeddable":true,"href":"https:\/\/nimotor.fr\/index.php?rest_route=\/wp\/v2\/users\/1"}],"replies":[{"embeddable":true,"href":"https:\/\/nimotor.fr\/index.php?rest_route=%2Fwp%2Fv2%2Fcomments&post=6"}],"version-history":[{"count":12,"href":"https:\/\/nimotor.fr\/index.php?rest_route=\/wp\/v2\/pages\/6\/revisions"}],"predecessor-version":[{"id":2445,"href":"https:\/\/nimotor.fr\/index.php?rest_route=\/wp\/v2\/pages\/6\/revisions\/2445"}],"wp:featuredmedia":[{"embeddable":true,"href":"https:\/\/nimotor.fr\/index.php?rest_route=\/wp\/v2\/media\/312"}],"wp:attachment":[{"href":"https:\/\/nimotor.fr\/index.php?rest_route=%2Fwp%2Fv2%2Fmedia&parent=6"}],"curies":[{"name":"wp","href":"https:\/\/api.w.org\/{rel}","templated":true}]}}