{"id":1496,"date":"2025-11-27T11:55:44","date_gmt":"2025-11-27T10:55:44","guid":{"rendered":"https:\/\/nimotor.fr\/?page_id=1496"},"modified":"2025-11-27T11:56:52","modified_gmt":"2025-11-27T10:56:52","slug":"devenez-exposant-nimotor-le-salon-auto-moto-de-nimes","status":"publish","type":"page","link":"https:\/\/nimotor.fr\/?page_id=1496","title":{"rendered":"Devenez exposant &#8211; N\u00eemotor, le salon auto moto de N\u00eemes !"},"content":{"rendered":"<style id=\"wpforms-css-vars-1441-block-7861e7f1-e05d-4840-a2eb-2255ac45391c\">\n\t\t\t\t#wpforms-1441.wpforms-block-7861e7f1-e05d-4840-a2eb-2255ac45391c {\n\t\t\t\t--wpforms-field-size-input-height: 43px;\n--wpforms-field-size-input-spacing: 15px;\n--wpforms-field-size-font-size: 16px;\n--wpforms-field-size-line-height: 19px;\n--wpforms-field-size-padding-h: 14px;\n--wpforms-field-size-checkbox-size: 16px;\n--wpforms-field-size-sublabel-spacing: 5px;\n--wpforms-field-size-icon-size: 1;\n--wpforms-label-size-font-size: 16px;\n--wpforms-label-size-line-height: 19px;\n--wpforms-label-size-sublabel-font-size: 14px;\n--wpforms-label-size-sublabel-line-height: 17px;\n--wpforms-button-size-font-size: 17px;\n--wpforms-button-size-height: 41px;\n--wpforms-button-size-padding-h: 15px;\n--wpforms-button-size-margin-top: 10px;\n--wpforms-container-shadow-size-box-shadow: none;\n\t\t\t}\n\t\t\t<\/style><div class=\"wpforms-container wpforms-container-full wpforms-container-quiz wpforms-block wpforms-block-7861e7f1-e05d-4840-a2eb-2255ac45391c wpforms-render-modern\" id=\"wpforms-1441\"><form id=\"wpforms-form-1441\" class=\"wpforms-validate wpforms-form wpforms-ajax-form\" data-formid=\"1441\" method=\"post\" enctype=\"multipart\/form-data\" action=\"\/index.php?rest_route=%2Fwp%2Fv2%2Fpages%2F1496\" data-token=\"b15082897496c3a37e79928799d4da0f\" data-token-time=\"1777536181\"><noscript class=\"wpforms-error-noscript\">Veuillez activer JavaScript dans votre navigateur pour remplir ce formulaire.<\/noscript><div id=\"wpforms-error-noscript\" style=\"display: none;\">Veuillez activer JavaScript dans votre navigateur pour remplir ce formulaire.<\/div><div class=\"wpforms-field-container\"><div id=\"wpforms-1441-field_23-container\" class=\"wpforms-field wpforms-field-layout\" data-field-type=\"layout\" data-field-id=\"23\"><div class=\"wpforms-field-layout-rows wpforms-field-large\"><div class=\"wpforms-layout-row\"><div class=\"wpforms-layout-column wpforms-layout-column-50\"><div id=\"wpforms-1441-field_1-container\" class=\"wpforms-field wpforms-field-name\" data-field-type=\"name\" data-field-id=\"1\"><fieldset><legend class=\"wpforms-field-label\">Nom <span class=\"wpforms-required-label\" aria-hidden=\"true\">*<\/span><\/legend><div class=\"wpforms-field-row wpforms-field-medium\"><div class=\"wpforms-field-row-block wpforms-first wpforms-one-half\"><input type=\"text\" id=\"wpforms-1441-field_1\" class=\"wpforms-field-name-first wpforms-field-required\" name=\"wpforms[fields][1][first]\" aria-errormessage=\"wpforms-1441-field_1-error\" required><label for=\"wpforms-1441-field_1\" class=\"wpforms-field-sublabel after\">Pr\u00e9nom<\/label><\/div><div class=\"wpforms-field-row-block wpforms-one-half\"><input type=\"text\" id=\"wpforms-1441-field_1-last\" class=\"wpforms-field-name-last wpforms-field-required\" name=\"wpforms[fields][1][last]\" aria-errormessage=\"wpforms-1441-field_1-last-error\" required><label for=\"wpforms-1441-field_1-last\" class=\"wpforms-field-sublabel after\">Nom<\/label><\/div><\/div><\/fieldset><\/div><\/div><div class=\"wpforms-layout-column wpforms-layout-column-50\"><div id=\"wpforms-1441-field_2-container\" class=\"wpforms-field wpforms-field-email\" data-field-type=\"email\" data-field-id=\"2\"><label class=\"wpforms-field-label\" for=\"wpforms-1441-field_2\">E-mail <span class=\"wpforms-required-label\" aria-hidden=\"true\">*<\/span><\/label><input type=\"email\" id=\"wpforms-1441-field_2\" class=\"wpforms-field-medium wpforms-field-required\" name=\"wpforms[fields][2]\" spellcheck=\"false\" aria-errormessage=\"wpforms-1441-field_2-error\" required><\/div><\/div><\/div><div class=\"wpforms-layout-row\"><div class=\"wpforms-layout-column wpforms-layout-column-50\"><div id=\"wpforms-1441-field_17-container\" class=\"wpforms-field wpforms-field-name\" data-field-type=\"name\" data-field-id=\"17\"><label class=\"wpforms-field-label\" for=\"wpforms-1441-field_17\">Nom de l&#039;entreprise et\/ou stand <span class=\"wpforms-required-label\" aria-hidden=\"true\">*<\/span><\/label><input type=\"text\" id=\"wpforms-1441-field_17\" class=\"wpforms-field-medium wpforms-field-required\" name=\"wpforms[fields][17]\" aria-errormessage=\"wpforms-1441-field_17-error\" required><\/div><\/div><div class=\"wpforms-layout-column wpforms-layout-column-50\"><div id=\"wpforms-1441-field_6-container\" class=\"wpforms-field wpforms-field-phone\" data-field-type=\"phone\" data-field-id=\"6\"><label class=\"wpforms-field-label\" for=\"wpforms-1441-field_6\">T\u00e9l\u00e9phone <span class=\"wpforms-required-label\" aria-hidden=\"true\">*<\/span><\/label><input type=\"tel\" id=\"wpforms-1441-field_6\" class=\"wpforms-field-medium wpforms-field-required wpforms-smart-phone-field\" data-rule-smart-phone-field=\"true\" name=\"wpforms[fields][6]\" aria-label=\"T\u00e9l\u00e9phone\" aria-errormessage=\"wpforms-1441-field_6-error\" required><\/div><\/div><\/div><\/div><\/div>\t\t<div id=\"wpforms-1441-field_3-container\"\n\t\t\tclass=\"wpforms-field wpforms-field-text\"\n\t\t\tdata-field-type=\"text\"\n\t\t\tdata-field-id=\"3\"\n\t\t\t>\n\t\t\t<label class=\"wpforms-field-label\" for=\"wpforms-1441-field_3\" >d\u00e9gustation, description Accord<\/label>\n\t\t\t<input type=\"text\" id=\"wpforms-1441-field_3\" class=\"wpforms-field-medium\" name=\"wpforms[fields][3]\" >\n\t\t<\/div>\n\t\t<div id=\"wpforms-1441-field_8-container\" class=\"wpforms-field wpforms-field-layout\" data-field-type=\"layout\" data-field-id=\"8\"><div class=\"wpforms-field-layout-rows wpforms-field-large\"><div class=\"wpforms-layout-row\"><div class=\"wpforms-layout-column wpforms-layout-column-50\"><div id=\"wpforms-1441-field_18-container\" class=\"wpforms-field wpforms-field-name\" data-field-type=\"name\" data-field-id=\"18\"><label class=\"wpforms-field-label\" for=\"wpforms-1441-field_18\">Surface souhait\u00e9e \/ taille du stand <span class=\"wpforms-required-label\" aria-hidden=\"true\">*<\/span><\/label><input type=\"text\" id=\"wpforms-1441-field_18\" class=\"wpforms-field-medium wpforms-field-required\" name=\"wpforms[fields][18]\" aria-errormessage=\"wpforms-1441-field_18-error\" required><\/div><\/div><div class=\"wpforms-layout-column wpforms-layout-column-50\"><div id=\"wpforms-1441-field_5-container\" class=\"wpforms-field wpforms-field-checkbox\" data-field-type=\"checkbox\" data-field-id=\"5\"><fieldset><legend class=\"wpforms-field-label\">Pour quel espace du Parc des expositions ?  <span class=\"wpforms-required-label\" aria-hidden=\"true\">*<\/span><\/legend><ul id=\"wpforms-1441-field_5\" class=\"wpforms-field-required\"><li class=\"choice-1 depth-1\"><input type=\"checkbox\" id=\"wpforms-1441-field_5_1\" name=\"wpforms[fields][5][]\" value=\"En int\u00e9rieur\" aria-errormessage=\"wpforms-1441-field_5_1-error\" required ><label class=\"wpforms-field-label-inline\" for=\"wpforms-1441-field_5_1\">En int\u00e9rieur<\/label><\/li><li class=\"choice-2 depth-1\"><input type=\"checkbox\" id=\"wpforms-1441-field_5_2\" name=\"wpforms[fields][5][]\" value=\"En ext\u00e9rieur\" aria-errormessage=\"wpforms-1441-field_5_2-error\" required ><label class=\"wpforms-field-label-inline\" for=\"wpforms-1441-field_5_2\">En ext\u00e9rieur<\/label><\/li><\/ul><\/fieldset><\/div><\/div><\/div><div class=\"wpforms-layout-row\"><div class=\"wpforms-layout-column wpforms-layout-column-50\"><div id=\"wpforms-1441-field_19-container\" class=\"wpforms-field wpforms-field-name\" data-field-type=\"name\" data-field-id=\"19\"><label class=\"wpforms-field-label\" for=\"wpforms-1441-field_19\">Secteur d\u2019activit\u00e9 \/ description succincte de l\u2019entreprise <span class=\"wpforms-required-label\" aria-hidden=\"true\">*<\/span><\/label><input type=\"text\" id=\"wpforms-1441-field_19\" class=\"wpforms-field-medium wpforms-field-required\" name=\"wpforms[fields][19]\" aria-errormessage=\"wpforms-1441-field_19-error\" required><\/div><\/div><div class=\"wpforms-layout-column wpforms-layout-column-50\"><div id=\"wpforms-1441-field_20-container\" class=\"wpforms-field wpforms-field-name\" data-field-type=\"name\" data-field-id=\"20\"><label class=\"wpforms-field-label\" for=\"wpforms-1441-field_20\">Description des produits ou services expos\u00e9s <span class=\"wpforms-required-label\" aria-hidden=\"true\">*<\/span><\/label><input type=\"text\" id=\"wpforms-1441-field_20\" class=\"wpforms-field-medium wpforms-field-required\" name=\"wpforms[fields][20]\" aria-errormessage=\"wpforms-1441-field_20-error\" required><\/div><\/div><\/div><div class=\"wpforms-layout-row\"><div class=\"wpforms-layout-column wpforms-layout-column-50\"><\/div><div class=\"wpforms-layout-column wpforms-layout-column-50\"><div id=\"wpforms-1441-field_21-container\" class=\"wpforms-field wpforms-field-name\" data-field-type=\"name\" data-field-id=\"21\"><label class=\"wpforms-field-label\" for=\"wpforms-1441-field_21\">Production ou animations pr\u00e9vues sur le stand (d\u00e9mo, d\u00e9gustation, prestation live, etc.) <span class=\"wpforms-required-label\" aria-hidden=\"true\">*<\/span><\/label><input type=\"text\" id=\"wpforms-1441-field_21\" class=\"wpforms-field-medium wpforms-field-required\" name=\"wpforms[fields][21]\" aria-errormessage=\"wpforms-1441-field_21-error\" required><\/div><\/div><\/div><\/div><\/div><div id=\"wpforms-1441-field_4-container\" class=\"wpforms-field wpforms-field-gdpr-checkbox\" data-field-type=\"gdpr-checkbox\" data-field-id=\"4\"><label class=\"wpforms-field-label\">Accord RGPD <span class=\"wpforms-required-label\" aria-hidden=\"true\">*<\/span><\/label><ul id=\"wpforms-1441-field_4\" class=\"wpforms-field-required\"><li class=\"choice-1\"><input type=\"checkbox\" id=\"wpforms-1441-field_4_1\" name=\"wpforms[fields][4][]\" value=\"Je consens \u00e0 ce que ce site stocke mes informations envoy\u00e9es afin qu\u2019ils puissent r\u00e9pondre \u00e0 ma requ\u00eate.\" aria-errormessage=\"wpforms-1441-field_4_1-error\" required ><label class=\"wpforms-field-label-inline\" for=\"wpforms-1441-field_4_1\">Je consens \u00e0 ce que ce site stocke mes informations envoy\u00e9es afin qu\u2019ils puissent r\u00e9pondre \u00e0 ma requ\u00eate.<\/label><\/li><\/ul><\/div><div id=\"wpforms-1441-field_16-container\" class=\"wpforms-field wpforms-field-gdpr-checkbox\" data-field-type=\"gdpr-checkbox\" data-field-id=\"16\"><label class=\"wpforms-field-label\">Important \u2013 Modalit\u00e9s de candidature exposant  <span class=\"wpforms-required-label\" aria-hidden=\"true\">*<\/span><\/label><ul id=\"wpforms-1441-field_16\" class=\"wpforms-field-required\"><li class=\"choice-1\"><input type=\"checkbox\" id=\"wpforms-1441-field_16_1\" name=\"wpforms[fields][16][]\" value=\"Le fait de remplir et de transmettre ce formulaire vaut inscription sur liste d\u2019attente. Cette d\u00e9marche ne constitue en aucun cas une validation de participation, ni une r\u00e9servation de stand.  Toutes les candidatures re\u00e7ues sont \u00e9tudi\u00e9es, dans le respect de la ligne \u00e9ditoriale du salon, de sa th\u00e9matique et de l\u2019\u00e9quilibre entre les diff\u00e9rentes cat\u00e9gories d\u2019exposants, afin de garantir une coh\u00e9rence commerciale pour les exposants et une offre diversifi\u00e9e et qualitative pour le public.  Les candidats inscrits sur liste d\u2019attente seront recontact\u00e9s uniquement en cas de lib\u00e9ration d\u2019espace, r\u00e9sultant notamment du d\u00e9sistement d\u2019un exposant ou de la r\u00e9duction de surface d\u2019un stand d\u00e9j\u00e0 attribu\u00e9.\" aria-errormessage=\"wpforms-1441-field_16_1-error\" required ><label class=\"wpforms-field-label-inline\" for=\"wpforms-1441-field_16_1\">Le fait de remplir et de transmettre ce formulaire vaut inscription sur liste d\u2019attente. Cette d\u00e9marche ne constitue en aucun cas une validation de participation, ni une r\u00e9servation de stand.  Toutes les candidatures re\u00e7ues sont \u00e9tudi\u00e9es, dans le respect de la ligne \u00e9ditoriale du salon, de sa th\u00e9matique et de l\u2019\u00e9quilibre entre les diff\u00e9rentes cat\u00e9gories d\u2019exposants, afin de garantir une coh\u00e9rence commerciale pour les exposants et une offre diversifi\u00e9e et qualitative pour le public.  Les candidats inscrits sur liste d\u2019attente seront recontact\u00e9s uniquement en cas de lib\u00e9ration d\u2019espace, r\u00e9sultant notamment du d\u00e9sistement d\u2019un exposant ou de la r\u00e9duction de surface d\u2019un stand d\u00e9j\u00e0 attribu\u00e9.<\/label><\/li><\/ul><\/div><script>\n\t\t\t\t( function() {\n\t\t\t\t\tconst style = document.createElement( 'style' );\n\t\t\t\t\tstyle.appendChild( document.createTextNode( '#wpforms-1441-field_3-container { position: absolute !important; overflow: hidden !important; display: inline !important; height: 1px !important; width: 1px !important; z-index: -1000 !important; padding: 0 !important; } #wpforms-1441-field_3-container input { visibility: hidden; } #wpforms-conversational-form-page #wpforms-1441-field_3-container label { counter-increment: none; }' ) );\n\t\t\t\t\tdocument.head.appendChild( style );\n\t\t\t\t\tdocument.currentScript?.remove();\n\t\t\t\t} )();\n\t\t\t<\/script><\/div><!-- .wpforms-field-container --><div class=\"wpforms-submit-container\" ><input type=\"hidden\" name=\"wpforms[id]\" value=\"1441\"><input type=\"hidden\" name=\"page_title\" value=\"\"><input type=\"hidden\" name=\"page_url\" value=\"https:\/\/nimotor.fr\/index.php?rest_route=\/wp\/v2\/pages\/1496\"><input type=\"hidden\" name=\"url_referer\" value=\"\"><button type=\"submit\" name=\"wpforms[submit]\" id=\"wpforms-submit-1441\" class=\"wpforms-submit\" data-alt-text=\"Envoi...\" data-submit-text=\"Envoyer\" aria-live=\"assertive\" value=\"wpforms-submit\">Envoyer<\/button><img decoding=\"async\" data-src=\"https:\/\/nimotor.fr\/wp-content\/plugins\/wpforms\/assets\/images\/submit-spin.svg\" class=\"wpforms-submit-spinner lazyload\" style=\"--smush-placeholder-width: 26px; --smush-placeholder-aspect-ratio: 26\/26;display: none;\" width=\"26\" height=\"26\" alt=\"Chargement en cours\" src=\"data:image\/svg+xml;base64,PHN2ZyB3aWR0aD0iMSIgaGVpZ2h0PSIxIiB4bWxucz0iaHR0cDovL3d3dy53My5vcmcvMjAwMC9zdmciPjwvc3ZnPg==\"><\/div><\/form><\/div>  <!-- .wpforms-container -->","protected":false},"excerpt":{"rendered":"<p> [&hellip;]<\/p>\n","protected":false},"author":1,"featured_media":0,"parent":0,"menu_order":6,"comment_status":"closed","ping_status":"closed","template":"","meta":{"_monsterinsights_skip_tracking":false,"_monsterinsights_sitenote_active":false,"_monsterinsights_sitenote_note":"","_monsterinsights_sitenote_category":0,"footnotes":""},"class_list":["post-1496","page","type-page","status-publish","hentry"],"yoast_head":"<!-- This site is optimized with the Yoast SEO plugin v27.5 - https:\/\/yoast.com\/product\/yoast-seo-wordpress\/ -->\n<title>Devenez exposant - N\u00eemotor, le salon auto moto de N\u00eemes ! - Nimotor<\/title>\n<meta name=\"robots\" content=\"index, follow, max-snippet:-1, max-image-preview:large, max-video-preview:-1\" \/>\n<link rel=\"canonical\" href=\"https:\/\/nimotor.fr\/?page_id=1496\" \/>\n<meta property=\"og:locale\" content=\"fr_FR\" \/>\n<meta property=\"og:type\" content=\"article\" \/>\n<meta property=\"og:title\" content=\"Devenez exposant - N\u00eemotor, le salon auto moto de N\u00eemes ! - Nimotor\" \/>\n<meta property=\"og:description\" content=\"[&hellip;]\" \/>\n<meta property=\"og:url\" content=\"https:\/\/nimotor.fr\/?page_id=1496\" \/>\n<meta property=\"og:site_name\" content=\"Nimotor\" \/>\n<meta property=\"article:modified_time\" content=\"2025-11-27T10:56:52+00:00\" \/>\n<meta name=\"twitter:card\" content=\"summary_large_image\" \/>\n<script type=\"application\/ld+json\" class=\"yoast-schema-graph\">{\"@context\":\"https:\\\/\\\/schema.org\",\"@graph\":[{\"@type\":\"WebPage\",\"@id\":\"https:\\\/\\\/nimotor.fr\\\/?page_id=1496\",\"url\":\"https:\\\/\\\/nimotor.fr\\\/?page_id=1496\",\"name\":\"Devenez exposant - N\u00eemotor, le salon auto moto de N\u00eemes ! - Nimotor\",\"isPartOf\":{\"@id\":\"https:\\\/\\\/nimotor.fr\\\/#website\"},\"datePublished\":\"2025-11-27T10:55:44+00:00\",\"dateModified\":\"2025-11-27T10:56:52+00:00\",\"breadcrumb\":{\"@id\":\"https:\\\/\\\/nimotor.fr\\\/?page_id=1496#breadcrumb\"},\"inLanguage\":\"fr-FR\",\"potentialAction\":[{\"@type\":\"ReadAction\",\"target\":[\"https:\\\/\\\/nimotor.fr\\\/?page_id=1496\"]}]},{\"@type\":\"BreadcrumbList\",\"@id\":\"https:\\\/\\\/nimotor.fr\\\/?page_id=1496#breadcrumb\",\"itemListElement\":[{\"@type\":\"ListItem\",\"position\":1,\"name\":\"Accueil\",\"item\":\"https:\\\/\\\/nimotor.fr\\\/\"},{\"@type\":\"ListItem\",\"position\":2,\"name\":\"Devenez exposant &#8211; N\u00eemotor, le salon auto moto de N\u00eemes !\"}]},{\"@type\":\"WebSite\",\"@id\":\"https:\\\/\\\/nimotor.fr\\\/#website\",\"url\":\"https:\\\/\\\/nimotor.fr\\\/\",\"name\":\"Nimotor\",\"description\":\"Auto Moto R\u00e9tro N\u00eemes\",\"publisher\":{\"@id\":\"https:\\\/\\\/nimotor.fr\\\/#organization\"},\"potentialAction\":[{\"@type\":\"SearchAction\",\"target\":{\"@type\":\"EntryPoint\",\"urlTemplate\":\"https:\\\/\\\/nimotor.fr\\\/?s={search_term_string}\"},\"query-input\":{\"@type\":\"PropertyValueSpecification\",\"valueRequired\":true,\"valueName\":\"search_term_string\"}}],\"inLanguage\":\"fr-FR\"},{\"@type\":\"Organization\",\"@id\":\"https:\\\/\\\/nimotor.fr\\\/#organization\",\"name\":\"Nimotor\",\"url\":\"https:\\\/\\\/nimotor.fr\\\/\",\"logo\":{\"@type\":\"ImageObject\",\"inLanguage\":\"fr-FR\",\"@id\":\"https:\\\/\\\/nimotor.fr\\\/#\\\/schema\\\/logo\\\/image\\\/\",\"url\":\"https:\\\/\\\/nimotor.fr\\\/wp-content\\\/uploads\\\/2024\\\/12\\\/cropped-Blanc-e1733239096673.png\",\"contentUrl\":\"https:\\\/\\\/nimotor.fr\\\/wp-content\\\/uploads\\\/2024\\\/12\\\/cropped-Blanc-e1733239096673.png\",\"width\":1034,\"height\":284,\"caption\":\"Nimotor\"},\"image\":{\"@id\":\"https:\\\/\\\/nimotor.fr\\\/#\\\/schema\\\/logo\\\/image\\\/\"}}]}<\/script>\n<!-- \/ Yoast SEO plugin. -->","yoast_head_json":{"title":"Devenez exposant - N\u00eemotor, le salon auto moto de N\u00eemes ! - Nimotor","robots":{"index":"index","follow":"follow","max-snippet":"max-snippet:-1","max-image-preview":"max-image-preview:large","max-video-preview":"max-video-preview:-1"},"canonical":"https:\/\/nimotor.fr\/?page_id=1496","og_locale":"fr_FR","og_type":"article","og_title":"Devenez exposant - N\u00eemotor, le salon auto moto de N\u00eemes ! - Nimotor","og_description":"[&hellip;]","og_url":"https:\/\/nimotor.fr\/?page_id=1496","og_site_name":"Nimotor","article_modified_time":"2025-11-27T10:56:52+00:00","twitter_card":"summary_large_image","schema":{"@context":"https:\/\/schema.org","@graph":[{"@type":"WebPage","@id":"https:\/\/nimotor.fr\/?page_id=1496","url":"https:\/\/nimotor.fr\/?page_id=1496","name":"Devenez exposant - N\u00eemotor, le salon auto moto de N\u00eemes ! - Nimotor","isPartOf":{"@id":"https:\/\/nimotor.fr\/#website"},"datePublished":"2025-11-27T10:55:44+00:00","dateModified":"2025-11-27T10:56:52+00:00","breadcrumb":{"@id":"https:\/\/nimotor.fr\/?page_id=1496#breadcrumb"},"inLanguage":"fr-FR","potentialAction":[{"@type":"ReadAction","target":["https:\/\/nimotor.fr\/?page_id=1496"]}]},{"@type":"BreadcrumbList","@id":"https:\/\/nimotor.fr\/?page_id=1496#breadcrumb","itemListElement":[{"@type":"ListItem","position":1,"name":"Accueil","item":"https:\/\/nimotor.fr\/"},{"@type":"ListItem","position":2,"name":"Devenez exposant &#8211; N\u00eemotor, le salon auto moto de N\u00eemes !"}]},{"@type":"WebSite","@id":"https:\/\/nimotor.fr\/#website","url":"https:\/\/nimotor.fr\/","name":"Nimotor","description":"Auto Moto R\u00e9tro N\u00eemes","publisher":{"@id":"https:\/\/nimotor.fr\/#organization"},"potentialAction":[{"@type":"SearchAction","target":{"@type":"EntryPoint","urlTemplate":"https:\/\/nimotor.fr\/?s={search_term_string}"},"query-input":{"@type":"PropertyValueSpecification","valueRequired":true,"valueName":"search_term_string"}}],"inLanguage":"fr-FR"},{"@type":"Organization","@id":"https:\/\/nimotor.fr\/#organization","name":"Nimotor","url":"https:\/\/nimotor.fr\/","logo":{"@type":"ImageObject","inLanguage":"fr-FR","@id":"https:\/\/nimotor.fr\/#\/schema\/logo\/image\/","url":"https:\/\/nimotor.fr\/wp-content\/uploads\/2024\/12\/cropped-Blanc-e1733239096673.png","contentUrl":"https:\/\/nimotor.fr\/wp-content\/uploads\/2024\/12\/cropped-Blanc-e1733239096673.png","width":1034,"height":284,"caption":"Nimotor"},"image":{"@id":"https:\/\/nimotor.fr\/#\/schema\/logo\/image\/"}}]}},"_links":{"self":[{"href":"https:\/\/nimotor.fr\/index.php?rest_route=\/wp\/v2\/pages\/1496","targetHints":{"allow":["GET"]}}],"collection":[{"href":"https:\/\/nimotor.fr\/index.php?rest_route=\/wp\/v2\/pages"}],"about":[{"href":"https:\/\/nimotor.fr\/index.php?rest_route=\/wp\/v2\/types\/page"}],"author":[{"embeddable":true,"href":"https:\/\/nimotor.fr\/index.php?rest_route=\/wp\/v2\/users\/1"}],"replies":[{"embeddable":true,"href":"https:\/\/nimotor.fr\/index.php?rest_route=%2Fwp%2Fv2%2Fcomments&post=1496"}],"version-history":[{"count":0,"href":"https:\/\/nimotor.fr\/index.php?rest_route=\/wp\/v2\/pages\/1496\/revisions"}],"wp:attachment":[{"href":"https:\/\/nimotor.fr\/index.php?rest_route=%2Fwp%2Fv2%2Fmedia&parent=1496"}],"curies":[{"name":"wp","href":"https:\/\/api.w.org\/{rel}","templated":true}]}}